{"id":267,"date":"2020-06-16T10:08:20","date_gmt":"2020-06-16T08:08:20","guid":{"rendered":"https:\/\/www.sophieecrit.com\/?page_id=267"},"modified":"2020-07-17T11:36:29","modified_gmt":"2020-07-17T09:36:29","slug":"journal","status":"publish","type":"page","link":"https:\/\/www.sophieecrit.com\/blog\/","title":{"rendered":"Journal ordinaire du confinement au temps du Covid 19"},"content":{"rendered":"\n\n<ul class=\"wp-block-latest-posts__list wp-block-latest-posts\"><li><a class=\"wp-block-latest-posts__post-title\" href=\"https:\/\/www.sophieecrit.com\/blog\/semaine-1\/\">Semaine 1<\/a><div class=\"wp-block-latest-posts__post-excerpt\">Rentrer &nbsp;&nbsp;&nbsp;Le Pr\u00e9sident de R\u00e9publique a parl\u00e9. Nous sommes au 1er jour d\u2019une s\u00e9v\u00e8re lutte contre le COVID-19, ce coronavirus venu de Chine et qui n\u2019en finit pas de se r\u00e9pandre, de pays en continent. &nbsp; &nbsp;Alors, ce matin, j\u2019ai donn\u00e9 mon dernier cours de fran\u00e7ais (langue \u00e9trang\u00e8re) avant d\u2019entrer en confinement. J\u2019ai dit au &hellip; <a href=\"https:\/\/www.sophieecrit.com\/blog\/semaine-1\/\" class=\"more-link\">Continuer la lecture de <span class=\"screen-reader-text\">Semaine 1<\/span><\/a><!-- AddThis Advanced Settings generic via filter on get_the_excerpt --><!-- AddThis Share Buttons generic via filter on get_the_excerpt --><\/div><\/li>\n<\/ul>","protected":false},"excerpt":{"rendered":"<p><!-- AddThis Advanced Settings generic via filter on get_the_excerpt --><!-- AddThis Share Buttons generic via filter on get_the_excerpt --><\/p>\n","protected":false},"author":1,"featured_media":0,"parent":0,"menu_order":0,"comment_status":"closed","ping_status":"closed","template":"page-templates\/grid-page.php","meta":{"footnotes":""},"class_list":["post-267","page","type-page","status-publish","hentry"],"_links":{"self":[{"href":"https:\/\/www.sophieecrit.com\/blog\/wp-json\/wp\/v2\/pages\/267","targetHints":{"allow":["GET"]}}],"collection":[{"href":"https:\/\/www.sophieecrit.com\/blog\/wp-json\/wp\/v2\/pages"}],"about":[{"href":"https:\/\/www.sophieecrit.com\/blog\/wp-json\/wp\/v2\/types\/page"}],"author":[{"embeddable":true,"href":"https:\/\/www.sophieecrit.com\/blog\/wp-json\/wp\/v2\/users\/1"}],"replies":[{"embeddable":true,"href":"https:\/\/www.sophieecrit.com\/blog\/wp-json\/wp\/v2\/comments?post=267"}],"version-history":[{"count":7,"href":"https:\/\/www.sophieecrit.com\/blog\/wp-json\/wp\/v2\/pages\/267\/revisions"}],"predecessor-version":[{"id":297,"href":"https:\/\/www.sophieecrit.com\/blog\/wp-json\/wp\/v2\/pages\/267\/revisions\/297"}],"wp:attachment":[{"href":"https:\/\/www.sophieecrit.com\/blog\/wp-json\/wp\/v2\/media?parent=267"}],"curies":[{"name":"wp","href":"https:\/\/api.w.org\/{rel}","templated":true}]}}